{"id":900,"date":"2024-11-08T16:01:18","date_gmt":"2024-11-08T16:01:18","guid":{"rendered":"https:\/\/vegagoleta.com\/?page_id=900"},"modified":"2025-07-21T15:30:01","modified_gmt":"2025-07-21T15:30:01","slug":"calidades","status":"publish","type":"page","link":"https:\/\/vegagoleta.com\/index.php\/calidades\/","title":{"rendered":"Memoria de calidades"},"content":{"rendered":"\t\t<div data-elementor-type=\"wp-page\" data-elementor-id=\"900\" class=\"elementor elementor-900\">\n\t\t\t\t<div class=\"elementor-element elementor-element-d5f2c4c e-flex e-con-boxed e-con e-parent\" data-id=\"d5f2c4c\" data-element_type=\"container\">\n\t\t\t\t\t<div class=\"e-con-inner\">\n\t\t\t\t<div class=\"elementor-element elementor-element-33d7e88 elementor-widget elementor-widget-text-editor\" data-id=\"33d7e88\" data-element_type=\"widget\" data-widget_type=\"text-editor.default\">\n\t\t\t\t<div class=\"elementor-widget-container\">\n\t\t\t\t\t\t\t<h6>VEGA GOLETA | URBAN DREAMS<\/h6>\t\t\t\t\t\t<\/div>\n\t\t\t\t<\/div>\n\t\t<div class=\"elementor-element elementor-element-12c7541 e-grid e-con-full e-con e-child\" data-id=\"12c7541\" data-element_type=\"container\">\n\t\t\t\t<div class=\"elementor-element elementor-element-2a09e68 elementor-widget elementor-widget-text-editor\" data-id=\"2a09e68\" data-element_type=\"widget\" data-widget_type=\"text-editor.default\">\n\t\t\t\t<div class=\"elementor-widget-container\">\n\t\t\t\t\t\t\t<h2>Memoria de Calidades<\/h2>\t\t\t\t\t\t<\/div>\n\t\t\t\t<\/div>\n\t\t\t\t<div class=\"elementor-element elementor-element-ce9f601 elementor-widget__width-auto elementor-widget-mobile__width-auto elementor-widget elementor-widget-bridge_button\" data-id=\"ce9f601\" data-element_type=\"widget\" data-widget_type=\"bridge_button.default\">\n\t\t\t\t<div class=\"elementor-widget-container\">\n\t\t\t<a  itemprop=\"url\" href=\"https:\/\/vegagoleta.com\/wp-content\/uploads\/2024\/12\/memoria_calidades_lite.pdf\" target=\"_blank\"  class=\"qbutton  default\" style=\"\">DESCARGAR<span aria-hidden=\"true\" class=\"qode-icon-kiko kikol kiko-download-file qode_button_icon_element\" style=\"\" ><\/span><\/a>\t\t<\/div>\n\t\t\t\t<\/div>\n\t\t\t\t<\/div>\n\t\t\t\t<div class=\"elementor-element elementor-element-67ef1b5 elementor-widget elementor-widget-text-editor\" data-id=\"67ef1b5\" data-element_type=\"widget\" data-widget_type=\"text-editor.default\">\n\t\t\t\t<div class=\"elementor-widget-container\">\n\t\t\t\t\t\t\t<h3>CIMENTACI\u00d3N Y ESTRUCTURA<\/h3>\t\t\t\t\t\t<\/div>\n\t\t\t\t<\/div>\n\t\t\t\t<div class=\"elementor-element elementor-element-b998685 elementor-widget elementor-widget-text-editor\" data-id=\"b998685\" data-element_type=\"widget\" data-widget_type=\"text-editor.default\">\n\t\t\t\t<div class=\"elementor-widget-container\">\n\t\t\t\t\t\t\t<p>La cimentaci\u00f3n se realiza mediante losa de hormig\u00f3n armado, conforme al estudio geot\u00e9cnico realizado por la empresa homologada, y seg\u00fan C\u00f3digo Estructural y C.T.E. En todos los elementos de cimentaci\u00f3n se aplicar\u00e1 impermeabilizaci\u00f3n asf\u00e1ltica.<\/p>\t\t\t\t\t\t<\/div>\n\t\t\t\t<\/div>\n\t\t\t\t<div class=\"elementor-element elementor-element-6ee0365 elementor-widget elementor-widget-text-editor\" data-id=\"6ee0365\" data-element_type=\"widget\" data-widget_type=\"text-editor.default\">\n\t\t\t\t<div class=\"elementor-widget-container\">\n\t\t\t\t\t\t\t<h3>CUBIERTAS<\/h3>\t\t\t\t\t\t<\/div>\n\t\t\t\t<\/div>\n\t\t\t\t<div class=\"elementor-element elementor-element-b43bdb6 elementor-widget elementor-widget-text-editor\" data-id=\"b43bdb6\" data-element_type=\"widget\" data-widget_type=\"text-editor.default\">\n\t\t\t\t<div class=\"elementor-widget-container\">\n\t\t\t\t\t\t\t<p>La cubierta es de tipo invertida transitable, con aislamiento t\u00e9rmico de lana mineral o similar, e impermeabilizaci\u00f3n con l\u00e1mina asf\u00e1ltica bicapa, protecci\u00f3n mediante geotextil y solado posterior con baldosa gres o c\u00e9sped artificial seg\u00fan zona.<\/p>\t\t\t\t\t\t<\/div>\n\t\t\t\t<\/div>\n\t\t\t\t<div class=\"elementor-element elementor-element-127c8a5 elementor-widget elementor-widget-text-editor\" data-id=\"127c8a5\" data-element_type=\"widget\" data-widget_type=\"text-editor.default\">\n\t\t\t\t<div class=\"elementor-widget-container\">\n\t\t\t\t\t\t\t<h3>FACHADAS Y TABIQUER\u00cdA<\/h3>\t\t\t\t\t\t<\/div>\n\t\t\t\t<\/div>\n\t\t\t\t<div class=\"elementor-element elementor-element-37ca646 elementor-widget elementor-widget-text-editor\" data-id=\"37ca646\" data-element_type=\"widget\" data-widget_type=\"text-editor.default\">\n\t\t\t\t<div class=\"elementor-widget-container\">\n\t\t\t\t\t\t\t<p><strong>Cerramientos exteriores<\/strong><\/p><p>El cerramiento exterior se realiza con capuchina formada por f\u00e1brica de ladrillo perforado de 11 cm para revestir en el exterior con monocapa, embarrado de mortero hidr\u00f3fugo en el interior, c\u00e1mara de aire, aislante termoac\u00fastico tipo lana mineral o similar y tabique de ladrillo hueco doble de 7 cm en el interior revestido con enlucido de yeso, conforme al CTE.<\/p><p><strong>Tabiquer\u00eda interior<\/strong><br \/>La tabiquer\u00eda interior se realiza con tabic\u00f3n de ladrillo hueco doble, enlucido de yeso a buena vista por ambas caras o alicatado, seg\u00fan caso, conforme al CTE.<\/p><p><strong>Medianer\u00eda con viviendas y zonas comunes<\/strong><br \/>La medianer\u00eda entre viviendas se realiza con una f\u00e1brica de ladrillo compuesta por: doble tabic\u00f3n de ladrillo hueco de 7cm y aislante termoac\u00fastico entre las dos hojas tipo lana mineral o similar, y revestidas de yeso, conforme al CTE.<\/p>\t\t\t\t\t\t<\/div>\n\t\t\t\t<\/div>\n\t\t\t\t<div class=\"elementor-element elementor-element-357ae13 elementor-widget elementor-widget-text-editor\" data-id=\"357ae13\" data-element_type=\"widget\" data-widget_type=\"text-editor.default\">\n\t\t\t\t<div class=\"elementor-widget-container\">\n\t\t\t\t\t\t\t<h3>SOLADOS Y ALICATADOS<\/h3>\t\t\t\t\t\t<\/div>\n\t\t\t\t<\/div>\n\t\t\t\t<div class=\"elementor-element elementor-element-e05986f elementor-widget elementor-widget-text-editor\" data-id=\"e05986f\" data-element_type=\"widget\" data-widget_type=\"text-editor.default\">\n\t\t\t\t<div class=\"elementor-widget-container\">\n\t\t\t\t\t\t\t<p>En ba\u00f1os gres porcel\u00e1nico de primera calidad 40&#215;40 cm a definir por la direcci\u00f3n facultativa conforme al CTE.<br \/>En resto dependencias a elegir entre suelo vin\u00edlico sobre solera de mortero nivelada y fratasada o gres porcel\u00e1nico de primera calidad 40&#215;40 cm a definir por la direcci\u00f3n facultativa conforme al CTE.<br \/>Soler\u00eda de gres antideslizante en solados exteriores.<br \/>Zonas comunes interiores solado y pelda\u00f1o de m\u00e1rmol blanco.<br \/>Alicatado en ba\u00f1os con diversos modelos de azulejos de primera calidad.<\/p>\t\t\t\t\t\t<\/div>\n\t\t\t\t<\/div>\n\t\t\t\t<div class=\"elementor-element elementor-element-214718f elementor-widget elementor-widget-text-editor\" data-id=\"214718f\" data-element_type=\"widget\" data-widget_type=\"text-editor.default\">\n\t\t\t\t<div class=\"elementor-widget-container\">\n\t\t\t\t\t\t\t<h3>CARPINTER\u00cdA<\/h3>\t\t\t\t\t\t<\/div>\n\t\t\t\t<\/div>\n\t\t\t\t<div class=\"elementor-element elementor-element-aa567ef elementor-widget elementor-widget-text-editor\" data-id=\"aa567ef\" data-element_type=\"widget\" data-widget_type=\"text-editor.default\">\n\t\t\t\t<div class=\"elementor-widget-container\">\n\t\t\t\t\t\t\t<p><strong>Interior<\/strong> <br \/>La puerta de entrada a vivienda de seguridad lscsda en blanco, con bisagras antipalanca, cerradura<br \/>de seguridad de tres puntos de anclaje y mirilla \u00f3ptica, a definir por la direcci\u00f3n facultativa conforme<br \/>al CTE.<br \/>Las puertas de paso ser\u00e1n lacadas en blanco mate, con cercos y herrajes inoxidables de 1\u00aa calidad y junta de goma estanca en galce, y manillas de acero, a definir por la direcci\u00f3n facultativa conforme al CTE.<\/p><p><strong>Exterior<\/strong><br \/>La carpinter\u00eda exterior ser\u00e1 de aluminio en color gris antracita, de hojas deslizantes y microventilaci\u00f3n. Persianas enrollables, motorizadas en sal\u00f3n y dormitorio principal.<br \/>Acristalamiento doble con c\u00e1mara de aire deshidratada, a definir por la direcci\u00f3n facultativa<br \/>conforme al CTE.<br \/>Barandillas en acero de primera calidad en escaleras y en petos exteriores con vidrio de seguridad multipact o similar con dos vidrios de 4 mm, unidos con l\u00e1mina de butiral de polivinilo, a definir por la direcci\u00f3n facultativa conforme al CTE.<\/p>\t\t\t\t\t\t<\/div>\n\t\t\t\t<\/div>\n\t\t\t\t<div class=\"elementor-element elementor-element-a6411e4 elementor-widget elementor-widget-text-editor\" data-id=\"a6411e4\" data-element_type=\"widget\" data-widget_type=\"text-editor.default\">\n\t\t\t\t<div class=\"elementor-widget-container\">\n\t\t\t\t\t\t\t<h3>PINTURA<\/h3>\t\t\t\t\t\t<\/div>\n\t\t\t\t<\/div>\n\t\t\t\t<div class=\"elementor-element elementor-element-e7fb3a4 elementor-widget elementor-widget-text-editor\" data-id=\"e7fb3a4\" data-element_type=\"widget\" data-widget_type=\"text-editor.default\">\n\t\t\t\t<div class=\"elementor-widget-container\">\n\t\t\t\t\t\t\t<p>Las paredes y techos de viviendas se entregan con dos manos de pintura pl\u00e1stica lisa color blanco, lavable y de primera calidad, sobre guarnecido y enlucido de yeso o sobre escayola en techos de cocina, ba\u00f1os, aseo y distribuidor.<\/p>\t\t\t\t\t\t<\/div>\n\t\t\t\t<\/div>\n\t\t\t\t<div class=\"elementor-element elementor-element-7c353c5 elementor-widget elementor-widget-text-editor\" data-id=\"7c353c5\" data-element_type=\"widget\" data-widget_type=\"text-editor.default\">\n\t\t\t\t<div class=\"elementor-widget-container\">\n\t\t\t\t\t\t\t<h3>FONTANER\u00cdA Y SANEAMIENTOS<\/h3>\t\t\t\t\t\t<\/div>\n\t\t\t\t<\/div>\n\t\t\t\t<div class=\"elementor-element elementor-element-a124eb2 elementor-widget elementor-widget-text-editor\" data-id=\"a124eb2\" data-element_type=\"widget\" data-widget_type=\"text-editor.default\">\n\t\t\t\t<div class=\"elementor-widget-container\">\n\t\t\t\t\t\t\t<p><strong>Instalaci\u00f3n<\/strong><br \/>El agua fr\u00eda y caliente se distribuye por tuber\u00edas polietileno reticulado 1* calidad, con certificado de garant\u00eda.<br \/>La evacuaci\u00f3n de aguas fecales y pluviales se realiza con tuber\u00eda de PVC. Conexi\u00f3n con red general de alcantarillado mediante arqueta sinf\u00f3nica, ejecuci\u00f3n seg\u00fan ordenanza municipal situada en la acera zona exterior de la parcela.<br \/>Agua caliente sanitaria por AEROTERMIA, a definir por la direcci\u00f3n facultativa conforme al CTE.<\/p><p><strong>Sanitarios y Grifer\u00eda<\/strong><br \/>Aparatos sanitarios en color blanco de primera calidad, con grifer\u00eda de monomando cromado de primera calidad, marca ROCA o similar, con certificados de garant\u00eda y homologados, a definir por la direcci\u00f3n facultativa conforme al CTE.<\/p>\t\t\t\t\t\t<\/div>\n\t\t\t\t<\/div>\n\t\t\t\t<div class=\"elementor-element elementor-element-8b6f8df elementor-widget elementor-widget-text-editor\" data-id=\"8b6f8df\" data-element_type=\"widget\" data-widget_type=\"text-editor.default\">\n\t\t\t\t<div class=\"elementor-widget-container\">\n\t\t\t\t\t\t\t<h3>INSTALACIONES<\/h3>\t\t\t\t\t\t<\/div>\n\t\t\t\t<\/div>\n\t\t\t\t<div class=\"elementor-element elementor-element-9b99c39 elementor-widget elementor-widget-text-editor\" data-id=\"9b99c39\" data-element_type=\"widget\" data-widget_type=\"text-editor.default\">\n\t\t\t\t<div class=\"elementor-widget-container\">\n\t\t\t\t\t\t\t<p><strong>Instalaci\u00f3n de aire acondicionado<\/strong><br \/>Se dispone de preinstalaci\u00f3n de aire acondicionado.<\/p><p><strong>Instalaci\u00f3n El\u00e9ctrica y Telecomunicaciones.<\/strong><br \/>Las viviendas constan de un nivel de electrificaci\u00f3n elevada de 9.200 W, y un cuadro el\u00e9ctrico de primera calidad con circuitos independientes para los diferentes usos, a definir por la direcci\u00f3n facultativa conforme al CTE.<br \/>Mecanismos Niessen o similar de primera calidad y luminarias tipo leds en viviendas y zonas comunes. Instalaci\u00f3n de video portero.<br \/>Instalaci\u00f3n de telecomunicaci\u00f3n por cable en todas las dependencias seg\u00fan reglamento regulador de las infraestructuras comunes de telecomunicaciones para el acceso a los servicios de telecomunicaci\u00f3n en el interior de las edificaciones.<\/p><p><strong>Instalaci\u00f3n Ventilaci\u00f3n<\/strong><br \/>Las viviendas disponen de ventilaci\u00f3n hibrida y extracci\u00f3n mediante conductos.<\/p>\t\t\t\t\t\t<\/div>\n\t\t\t\t<\/div>\n\t\t\t\t<div class=\"elementor-element elementor-element-97d5fdb elementor-widget elementor-widget-text-editor\" data-id=\"97d5fdb\" data-element_type=\"widget\" data-widget_type=\"text-editor.default\">\n\t\t\t\t<div class=\"elementor-widget-container\">\n\t\t\t\t\t\t\t<h3>VARIOS<\/h3>\t\t\t\t\t\t<\/div>\n\t\t\t\t<\/div>\n\t\t\t\t<div class=\"elementor-element elementor-element-ad8e53f elementor-widget elementor-widget-text-editor\" data-id=\"ad8e53f\" data-element_type=\"widget\" data-widget_type=\"text-editor.default\">\n\t\t\t\t<div class=\"elementor-widget-container\">\n\t\t\t\t\t\t\t<ul><li>Ascensor de \u00faltima tecnolog\u00eda y seguridad de muy reducida sonoridad.<\/li><li>Puerta garaje motorizada con mando a distancia.<\/li><li>Simultaneidad de apertura de garaje con iluminaci\u00f3n del mismo.<\/li><li>Decoraci\u00f3n en portal con espejos, decoraci\u00f3n en escayola e iluminaci\u00f3n con focos led y espacio destinado a ubicar los buzones.<\/li><li>Piscina con tratamiento de clorador salino con iluminaci\u00f3n integrada sumergida.<\/li><li>\u00a0Zona comunitaria multifuncional, con distintas instalaciones para el ocio en planta baja, con local para uso comunitario.<\/li><li>Garaje con preinstalaci\u00f3n de tomas el\u00e9ctricas para coches<\/li><\/ul>\t\t\t\t\t\t<\/div>\n\t\t\t\t<\/div>\n\t\t\t\t\t<\/div>\n\t\t\t\t<\/div>\n\t\t<div class=\"elementor-element elementor-element-3b79a6d e-flex e-con-boxed e-con e-parent\" data-id=\"3b79a6d\" data-element_type=\"container\">\n\t\t\t\t\t<div class=\"e-con-inner\">\n\t\t\t\t<div class=\"elementor-element elementor-element-9f9c283 elementor-widget elementor-widget-spacer\" data-id=\"9f9c283\" data-element_type=\"widget\" data-widget_type=\"spacer.default\">\n\t\t\t\t<div class=\"elementor-widget-container\">\n\t\t\t\t\t<div class=\"elementor-spacer\">\n\t\t\t<div class=\"elementor-spacer-inner\"><\/div>\n\t\t<\/div>\n\t\t\t\t<\/div>\n\t\t\t\t<\/div>\n\t\t\t\t\t<\/div>\n\t\t\t\t<\/div>\n\t\t\t\t<\/div>\n\t\t","protected":false},"excerpt":{"rendered":"<p>VEGA GOLETA | URBAN DREAMS Memoria de Calidades DESCARGAR CIMENTACI\u00d3N Y ESTRUCTURA La cimentaci\u00f3n se realiza mediante losa de hormig\u00f3n armado, conforme al estudio geot\u00e9cnico realizado por la empresa homologada, y seg\u00fan C\u00f3digo Estructural y C.T.E. En todos los elementos de cimentaci\u00f3n se aplicar\u00e1 impermeabilizaci\u00f3n&#8230;<\/p>\n","protected":false},"author":1,"featured_media":0,"parent":0,"menu_order":0,"comment_status":"closed","ping_status":"closed","template":"","meta":{"content-type":"","footnotes":""},"class_list":["post-900","page","type-page","status-publish","hentry"],"_links":{"self":[{"href":"https:\/\/vegagoleta.com\/index.php\/wp-json\/wp\/v2\/pages\/900","targetHints":{"allow":["GET"]}}],"collection":[{"href":"https:\/\/vegagoleta.com\/index.php\/wp-json\/wp\/v2\/pages"}],"about":[{"href":"https:\/\/vegagoleta.com\/index.php\/wp-json\/wp\/v2\/types\/page"}],"author":[{"embeddable":true,"href":"https:\/\/vegagoleta.com\/index.php\/wp-json\/wp\/v2\/users\/1"}],"replies":[{"embeddable":true,"href":"https:\/\/vegagoleta.com\/index.php\/wp-json\/wp\/v2\/comments?post=900"}],"version-history":[{"count":29,"href":"https:\/\/vegagoleta.com\/index.php\/wp-json\/wp\/v2\/pages\/900\/revisions"}],"predecessor-version":[{"id":1226,"href":"https:\/\/vegagoleta.com\/index.php\/wp-json\/wp\/v2\/pages\/900\/revisions\/1226"}],"wp:attachment":[{"href":"https:\/\/vegagoleta.com\/index.php\/wp-json\/wp\/v2\/media?parent=900"}],"curies":[{"name":"wp","href":"https:\/\/api.w.org\/{rel}","templated":true}]}}