{"id":567,"date":"2024-11-07T00:58:35","date_gmt":"2024-11-07T00:58:35","guid":{"rendered":"https:\/\/vegagoleta.com\/?page_id=567"},"modified":"2025-01-10T09:49:53","modified_gmt":"2025-01-10T09:49:53","slug":"pisos","status":"publish","type":"page","link":"https:\/\/vegagoleta.com\/index.php\/pisos\/","title":{"rendered":"Pisos"},"content":{"rendered":"\t\t<div data-elementor-type=\"wp-page\" data-elementor-id=\"567\" class=\"elementor elementor-567\">\n\t\t\t\t<div class=\"elementor-element elementor-element-55e1ed3 e-flex e-con-boxed e-con e-parent\" data-id=\"55e1ed3\" data-element_type=\"container\">\n\t\t\t\t\t<div class=\"e-con-inner\">\n\t\t\t\t<div class=\"elementor-element elementor-element-188b453 elementor-widget elementor-widget-image\" data-id=\"188b453\" data-element_type=\"widget\" data-widget_type=\"image.default\">\n\t\t\t\t<div class=\"elementor-widget-container\">\n\t\t\t\t\t\t\t\t\t\t\t\t\t<img fetchpriority=\"high\" decoding=\"async\" width=\"1433\" height=\"475\" src=\"https:\/\/vegagoleta.com\/wp-content\/uploads\/2024\/11\/cab_viv-e1731078631181.jpg\" class=\"attachment-full size-full wp-image-564\" alt=\"\" \/>\t\t\t\t\t\t\t\t\t\t\t\t\t<\/div>\n\t\t\t\t<\/div>\n\t\t\t\t\t<\/div>\n\t\t\t\t<\/div>\n\t\t\t\t<section class=\"elementor-section elementor-top-section elementor-element elementor-element-6b06f445 elementor-section-boxed elementor-section-height-default elementor-section-height-default parallax_section_no qode_elementor_container_no\" data-id=\"6b06f445\" data-element_type=\"section\" data-settings=\"{&quot;background_background&quot;:&quot;classic&quot;}\">\n\t\t\t\t\t\t<div class=\"elementor-container elementor-column-gap-no\">\n\t\t\t\t\t<div class=\"elementor-column elementor-col-100 elementor-top-column elementor-element elementor-element-7d168757\" data-id=\"7d168757\" data-element_type=\"column\">\n\t\t\t<div class=\"elementor-widget-wrap elementor-element-populated\">\n\t\t\t\t\t\t<div class=\"elementor-element elementor-element-5d9e1003 elementor-widget elementor-widget-text-editor\" data-id=\"5d9e1003\" data-element_type=\"widget\" data-widget_type=\"text-editor.default\">\n\t\t\t\t<div class=\"elementor-widget-container\">\n\t\t\t\t\t\t\t<h6>vega goleta | pisos<\/h6>\t\t\t\t\t\t<\/div>\n\t\t\t\t<\/div>\n\t\t\t\t<div class=\"elementor-element elementor-element-4e8325a4 elementor-widget elementor-widget-text-editor\" data-id=\"4e8325a4\" data-element_type=\"widget\" data-widget_type=\"text-editor.default\">\n\t\t\t\t<div class=\"elementor-widget-container\">\n\t\t\t\t\t\t\t<h2><strong>Cuatro tipos de pisos<\/strong><\/h2>\t\t\t\t\t\t<\/div>\n\t\t\t\t<\/div>\n\t\t\t\t<div class=\"elementor-element elementor-element-7986a28 elementor-widget elementor-widget-text-editor\" data-id=\"7986a28\" data-element_type=\"widget\" data-widget_type=\"text-editor.default\">\n\t\t\t\t<div class=\"elementor-widget-container\">\n\t\t\t\t\t\t\t<p>Viviendas de 2 dormitorios, 2 ba\u00f1os y 2 terrazas una orientaci\u00f3n sur y otra norte y sal\u00f3n comedor con cocina en concepto abierto.&nbsp;<\/p><p>Los precios no incluyen IVA, garaje y trastero.<\/p>\t\t\t\t\t\t<\/div>\n\t\t\t\t<\/div>\n\t\t\t\t\t<\/div>\n\t\t<\/div>\n\t\t\t\t\t<\/div>\n\t\t<\/section>\n\t\t\t\t<section class=\"elementor-section elementor-top-section elementor-element elementor-element-b87e428 elementor-section-boxed elementor-section-height-default elementor-section-height-default parallax_section_no qode_elementor_container_no\" data-id=\"b87e428\" data-element_type=\"section\">\n\t\t\t\t\t\t<div class=\"elementor-container elementor-column-gap-narrow\">\n\t\t\t\t\t<div class=\"elementor-column elementor-col-50 elementor-top-column elementor-element elementor-element-4051921\" data-id=\"4051921\" data-element_type=\"column\">\n\t\t\t<div class=\"elementor-widget-wrap elementor-element-populated\">\n\t\t\t\t\t\t<div class=\"elementor-element elementor-element-5760cd5 elementor-widget elementor-widget-image\" data-id=\"5760cd5\" data-element_type=\"widget\" data-widget_type=\"image.default\">\n\t\t\t\t<div class=\"elementor-widget-container\">\n\t\t\t\t\t\t\t\t\t\t\t\t\t<img decoding=\"async\" width=\"1300\" height=\"781\" src=\"https:\/\/vegagoleta.com\/wp-content\/uploads\/2024\/12\/planotipoA.jpg\" class=\"attachment-full size-full wp-image-1035\" alt=\"\" srcset=\"https:\/\/vegagoleta.com\/wp-content\/uploads\/2024\/12\/planotipoA.jpg 1300w, https:\/\/vegagoleta.com\/wp-content\/uploads\/2024\/12\/planotipoA-300x180.jpg 300w, https:\/\/vegagoleta.com\/wp-content\/uploads\/2024\/12\/planotipoA-1024x615.jpg 1024w, https:\/\/vegagoleta.com\/wp-content\/uploads\/2024\/12\/planotipoA-768x461.jpg 768w, https:\/\/vegagoleta.com\/wp-content\/uploads\/2024\/12\/planotipoA-500x300.jpg 500w, https:\/\/vegagoleta.com\/wp-content\/uploads\/2024\/12\/planotipoA-800x481.jpg 800w, https:\/\/vegagoleta.com\/wp-content\/uploads\/2024\/12\/planotipoA-1280x769.jpg 1280w, https:\/\/vegagoleta.com\/wp-content\/uploads\/2024\/12\/planotipoA-700x421.jpg 700w\" sizes=\"(max-width: 1300px) 100vw, 1300px\" \/>\t\t\t\t\t\t\t\t\t\t\t\t\t<\/div>\n\t\t\t\t<\/div>\n\t\t\t\t<div class=\"elementor-element elementor-element-681826f elementor-widget elementor-widget-text-editor\" data-id=\"681826f\" data-element_type=\"widget\" data-widget_type=\"text-editor.default\">\n\t\t\t\t<div class=\"elementor-widget-container\">\n\t\t\t\t\t\t\t<h3>Tipo A<\/h3>\t\t\t\t\t\t<\/div>\n\t\t\t\t<\/div>\n\t\t\t\t<div class=\"elementor-element elementor-element-0d58191 elementor-widget elementor-widget-image\" data-id=\"0d58191\" data-element_type=\"widget\" data-widget_type=\"image.default\">\n\t\t\t\t<div class=\"elementor-widget-container\">\n\t\t\t\t\t\t\t\t\t\t\t\t\t<img decoding=\"async\" width=\"383\" height=\"67\" src=\"https:\/\/vegagoleta.com\/wp-content\/uploads\/2024\/11\/ley_piso.png\" class=\"attachment-large size-large wp-image-454\" alt=\"\" srcset=\"https:\/\/vegagoleta.com\/wp-content\/uploads\/2024\/11\/ley_piso.png 383w, https:\/\/vegagoleta.com\/wp-content\/uploads\/2024\/11\/ley_piso-300x52.png 300w\" sizes=\"(max-width: 383px) 100vw, 383px\" \/>\t\t\t\t\t\t\t\t\t\t\t\t\t<\/div>\n\t\t\t\t<\/div>\n\t\t\t\t<div class=\"elementor-element elementor-element-07a062a elementor-widget elementor-widget-image\" data-id=\"07a062a\" data-element_type=\"widget\" data-widget_type=\"image.default\">\n\t\t\t\t<div class=\"elementor-widget-container\">\n\t\t\t\t\t\t\t\t\t\t\t\t\t<img decoding=\"async\" src=\"https:\/\/vegagoleta.com\/wp-content\/uploads\/2024\/12\/ley_viA.png\" title=\"\" alt=\"\" loading=\"lazy\" \/>\t\t\t\t\t\t\t\t\t\t\t\t\t<\/div>\n\t\t\t\t<\/div>\n\t\t\t\t<div class=\"elementor-element elementor-element-632854e elementor-widget elementor-widget-text-editor\" data-id=\"632854e\" data-element_type=\"widget\" data-widget_type=\"text-editor.default\">\n\t\t\t\t<div class=\"elementor-widget-container\">\n\t\t\t\t\t\t\t<h6>precio desde: <strong><span style=\"color: #000000;\">201.000\u20ac<\/span><\/strong><\/h6>\t\t\t\t\t\t<\/div>\n\t\t\t\t<\/div>\n\t\t\t\t<div class=\"elementor-element elementor-element-35918d3 elementor-widget-tablet__width-auto elementor-widget elementor-widget-bridge_button\" data-id=\"35918d3\" data-element_type=\"widget\" data-widget_type=\"bridge_button.default\">\n\t\t\t\t<div class=\"elementor-widget-container\">\n\t\t\t<a  itemprop=\"url\" href=\"https:\/\/vegagoleta.com\/wp-content\/uploads\/2024\/12\/tipoA.pdf\" target=\"_blank\"  class=\"qbutton  default\" style=\"\">Ver plano<span aria-hidden=\"true\" class=\"qode-icon-kiko kikol kiko-eye qode_button_icon_element\" style=\"\" ><\/span><\/a>\t\t<\/div>\n\t\t\t\t<\/div>\n\t\t\t\t\t<\/div>\n\t\t<\/div>\n\t\t\t\t<div class=\"elementor-column elementor-col-50 elementor-top-column elementor-element elementor-element-272e600\" data-id=\"272e600\" data-element_type=\"column\">\n\t\t\t<div class=\"elementor-widget-wrap elementor-element-populated\">\n\t\t\t\t\t\t<div class=\"elementor-element elementor-element-607cc20 elementor-widget elementor-widget-image\" data-id=\"607cc20\" data-element_type=\"widget\" data-widget_type=\"image.default\">\n\t\t\t\t<div class=\"elementor-widget-container\">\n\t\t\t\t\t\t\t\t\t\t\t\t\t<img loading=\"lazy\" decoding=\"async\" width=\"1300\" height=\"781\" src=\"https:\/\/vegagoleta.com\/wp-content\/uploads\/2024\/12\/planotipoB.jpg\" class=\"attachment-full size-full wp-image-1036\" alt=\"\" srcset=\"https:\/\/vegagoleta.com\/wp-content\/uploads\/2024\/12\/planotipoB.jpg 1300w, https:\/\/vegagoleta.com\/wp-content\/uploads\/2024\/12\/planotipoB-300x180.jpg 300w, https:\/\/vegagoleta.com\/wp-content\/uploads\/2024\/12\/planotipoB-1024x615.jpg 1024w, https:\/\/vegagoleta.com\/wp-content\/uploads\/2024\/12\/planotipoB-768x461.jpg 768w, https:\/\/vegagoleta.com\/wp-content\/uploads\/2024\/12\/planotipoB-500x300.jpg 500w, https:\/\/vegagoleta.com\/wp-content\/uploads\/2024\/12\/planotipoB-800x481.jpg 800w, https:\/\/vegagoleta.com\/wp-content\/uploads\/2024\/12\/planotipoB-1280x769.jpg 1280w, https:\/\/vegagoleta.com\/wp-content\/uploads\/2024\/12\/planotipoB-700x421.jpg 700w\" sizes=\"(max-width: 1300px) 100vw, 1300px\" \/>\t\t\t\t\t\t\t\t\t\t\t\t\t<\/div>\n\t\t\t\t<\/div>\n\t\t\t\t<div class=\"elementor-element elementor-element-3ffb80f elementor-widget elementor-widget-text-editor\" data-id=\"3ffb80f\" data-element_type=\"widget\" data-widget_type=\"text-editor.default\">\n\t\t\t\t<div class=\"elementor-widget-container\">\n\t\t\t\t\t\t\t<h3>Tipo B<\/h3>\t\t\t\t\t\t<\/div>\n\t\t\t\t<\/div>\n\t\t\t\t<div class=\"elementor-element elementor-element-e280549 elementor-widget elementor-widget-image\" data-id=\"e280549\" data-element_type=\"widget\" data-widget_type=\"image.default\">\n\t\t\t\t<div class=\"elementor-widget-container\">\n\t\t\t\t\t\t\t\t\t\t\t\t\t<img decoding=\"async\" width=\"383\" height=\"67\" src=\"https:\/\/vegagoleta.com\/wp-content\/uploads\/2024\/11\/ley_piso.png\" class=\"attachment-large size-large wp-image-454\" alt=\"\" srcset=\"https:\/\/vegagoleta.com\/wp-content\/uploads\/2024\/11\/ley_piso.png 383w, https:\/\/vegagoleta.com\/wp-content\/uploads\/2024\/11\/ley_piso-300x52.png 300w\" sizes=\"(max-width: 383px) 100vw, 383px\" \/>\t\t\t\t\t\t\t\t\t\t\t\t\t<\/div>\n\t\t\t\t<\/div>\n\t\t\t\t<div class=\"elementor-element elementor-element-b266762 elementor-widget elementor-widget-image\" data-id=\"b266762\" data-element_type=\"widget\" data-widget_type=\"image.default\">\n\t\t\t\t<div class=\"elementor-widget-container\">\n\t\t\t\t\t\t\t\t\t\t\t\t\t<img decoding=\"async\" src=\"https:\/\/vegagoleta.com\/wp-content\/uploads\/2024\/12\/ley_viB.png\" title=\"\" alt=\"\" loading=\"lazy\" \/>\t\t\t\t\t\t\t\t\t\t\t\t\t<\/div>\n\t\t\t\t<\/div>\n\t\t\t\t<div class=\"elementor-element elementor-element-bcf9561 elementor-widget elementor-widget-text-editor\" data-id=\"bcf9561\" data-element_type=\"widget\" data-widget_type=\"text-editor.default\">\n\t\t\t\t<div class=\"elementor-widget-container\">\n\t\t\t\t\t\t\t<h6>precio desde: <strong><span style=\"color: #000000;\">164.000\u20ac<\/span><\/strong><\/h6>\t\t\t\t\t\t<\/div>\n\t\t\t\t<\/div>\n\t\t\t\t<div class=\"elementor-element elementor-element-80f2172 elementor-widget-tablet__width-auto elementor-widget elementor-widget-bridge_button\" data-id=\"80f2172\" data-element_type=\"widget\" data-widget_type=\"bridge_button.default\">\n\t\t\t\t<div class=\"elementor-widget-container\">\n\t\t\t<a  itemprop=\"url\" href=\"https:\/\/vegagoleta.com\/wp-content\/uploads\/2024\/12\/tipoB.pdf\" target=\"_blank\"  class=\"qbutton  default\" style=\"\">Ver plano<span aria-hidden=\"true\" class=\"qode-icon-kiko kikol kiko-eye qode_button_icon_element\" style=\"\" ><\/span><\/a>\t\t<\/div>\n\t\t\t\t<\/div>\n\t\t\t\t\t<\/div>\n\t\t<\/div>\n\t\t\t\t\t<\/div>\n\t\t<\/section>\n\t\t\t\t<section class=\"elementor-section elementor-top-section elementor-element elementor-element-0d3de67 elementor-section-boxed elementor-section-height-default elementor-section-height-default parallax_section_no qode_elementor_container_no\" data-id=\"0d3de67\" data-element_type=\"section\">\n\t\t\t\t\t\t<div class=\"elementor-container elementor-column-gap-narrow\">\n\t\t\t\t\t<div class=\"elementor-column elementor-col-50 elementor-top-column elementor-element elementor-element-a2a0d06\" data-id=\"a2a0d06\" data-element_type=\"column\">\n\t\t\t<div class=\"elementor-widget-wrap elementor-element-populated\">\n\t\t\t\t\t\t<div class=\"elementor-element elementor-element-471245d elementor-widget elementor-widget-image\" data-id=\"471245d\" data-element_type=\"widget\" data-widget_type=\"image.default\">\n\t\t\t\t<div class=\"elementor-widget-container\">\n\t\t\t\t\t\t\t\t\t\t\t\t\t<img loading=\"lazy\" decoding=\"async\" width=\"1300\" height=\"781\" src=\"https:\/\/vegagoleta.com\/wp-content\/uploads\/2024\/12\/planotipoC.jpg\" class=\"attachment-full size-full wp-image-1037\" alt=\"\" srcset=\"https:\/\/vegagoleta.com\/wp-content\/uploads\/2024\/12\/planotipoC.jpg 1300w, https:\/\/vegagoleta.com\/wp-content\/uploads\/2024\/12\/planotipoC-300x180.jpg 300w, https:\/\/vegagoleta.com\/wp-content\/uploads\/2024\/12\/planotipoC-1024x615.jpg 1024w, https:\/\/vegagoleta.com\/wp-content\/uploads\/2024\/12\/planotipoC-768x461.jpg 768w, https:\/\/vegagoleta.com\/wp-content\/uploads\/2024\/12\/planotipoC-500x300.jpg 500w, https:\/\/vegagoleta.com\/wp-content\/uploads\/2024\/12\/planotipoC-800x481.jpg 800w, https:\/\/vegagoleta.com\/wp-content\/uploads\/2024\/12\/planotipoC-1280x769.jpg 1280w, https:\/\/vegagoleta.com\/wp-content\/uploads\/2024\/12\/planotipoC-700x421.jpg 700w\" sizes=\"(max-width: 1300px) 100vw, 1300px\" \/>\t\t\t\t\t\t\t\t\t\t\t\t\t<\/div>\n\t\t\t\t<\/div>\n\t\t\t\t<div class=\"elementor-element elementor-element-b34ef8a elementor-widget elementor-widget-text-editor\" data-id=\"b34ef8a\" data-element_type=\"widget\" data-widget_type=\"text-editor.default\">\n\t\t\t\t<div class=\"elementor-widget-container\">\n\t\t\t\t\t\t\t<h3>Tipo C<\/h3>\t\t\t\t\t\t<\/div>\n\t\t\t\t<\/div>\n\t\t\t\t<div class=\"elementor-element elementor-element-717e951 elementor-widget elementor-widget-image\" data-id=\"717e951\" data-element_type=\"widget\" data-widget_type=\"image.default\">\n\t\t\t\t<div class=\"elementor-widget-container\">\n\t\t\t\t\t\t\t\t\t\t\t\t\t<img decoding=\"async\" width=\"383\" height=\"67\" src=\"https:\/\/vegagoleta.com\/wp-content\/uploads\/2024\/11\/ley_piso.png\" class=\"attachment-large size-large wp-image-454\" alt=\"\" srcset=\"https:\/\/vegagoleta.com\/wp-content\/uploads\/2024\/11\/ley_piso.png 383w, https:\/\/vegagoleta.com\/wp-content\/uploads\/2024\/11\/ley_piso-300x52.png 300w\" sizes=\"(max-width: 383px) 100vw, 383px\" \/>\t\t\t\t\t\t\t\t\t\t\t\t\t<\/div>\n\t\t\t\t<\/div>\n\t\t\t\t<div class=\"elementor-element elementor-element-eebe76d elementor-widget elementor-widget-image\" data-id=\"eebe76d\" data-element_type=\"widget\" data-widget_type=\"image.default\">\n\t\t\t\t<div class=\"elementor-widget-container\">\n\t\t\t\t\t\t\t\t\t\t\t\t\t<img decoding=\"async\" src=\"https:\/\/vegagoleta.com\/wp-content\/uploads\/2024\/12\/ley_viC.png\" title=\"\" alt=\"\" loading=\"lazy\" \/>\t\t\t\t\t\t\t\t\t\t\t\t\t<\/div>\n\t\t\t\t<\/div>\n\t\t\t\t<div class=\"elementor-element elementor-element-6cdfe45 elementor-widget elementor-widget-text-editor\" data-id=\"6cdfe45\" data-element_type=\"widget\" data-widget_type=\"text-editor.default\">\n\t\t\t\t<div class=\"elementor-widget-container\">\n\t\t\t\t\t\t\t<h6>precio desde: <strong><span style=\"color: #000000;\">164.000\u20ac<\/span><\/strong><\/h6>\t\t\t\t\t\t<\/div>\n\t\t\t\t<\/div>\n\t\t\t\t<div class=\"elementor-element elementor-element-f764c26 elementor-widget-tablet__width-auto elementor-widget elementor-widget-bridge_button\" data-id=\"f764c26\" data-element_type=\"widget\" data-widget_type=\"bridge_button.default\">\n\t\t\t\t<div class=\"elementor-widget-container\">\n\t\t\t<a  itemprop=\"url\" href=\"https:\/\/vegagoleta.com\/wp-content\/uploads\/2024\/12\/tipoC.pdf\" target=\"_blank\"  class=\"qbutton  default\" style=\"\">Ver plano<span aria-hidden=\"true\" class=\"qode-icon-kiko kikol kiko-eye qode_button_icon_element\" style=\"\" ><\/span><\/a>\t\t<\/div>\n\t\t\t\t<\/div>\n\t\t\t\t\t<\/div>\n\t\t<\/div>\n\t\t\t\t<div class=\"elementor-column elementor-col-50 elementor-top-column elementor-element elementor-element-92b04b4\" data-id=\"92b04b4\" data-element_type=\"column\">\n\t\t\t<div class=\"elementor-widget-wrap elementor-element-populated\">\n\t\t\t\t\t\t<div class=\"elementor-element elementor-element-008f459 elementor-widget elementor-widget-image\" data-id=\"008f459\" data-element_type=\"widget\" data-widget_type=\"image.default\">\n\t\t\t\t<div class=\"elementor-widget-container\">\n\t\t\t\t\t\t\t\t\t\t\t\t\t<img loading=\"lazy\" decoding=\"async\" width=\"1300\" height=\"781\" src=\"https:\/\/vegagoleta.com\/wp-content\/uploads\/2024\/12\/planotipoD.jpg\" class=\"attachment-full size-full wp-image-1038\" alt=\"\" srcset=\"https:\/\/vegagoleta.com\/wp-content\/uploads\/2024\/12\/planotipoD.jpg 1300w, https:\/\/vegagoleta.com\/wp-content\/uploads\/2024\/12\/planotipoD-300x180.jpg 300w, https:\/\/vegagoleta.com\/wp-content\/uploads\/2024\/12\/planotipoD-1024x615.jpg 1024w, https:\/\/vegagoleta.com\/wp-content\/uploads\/2024\/12\/planotipoD-768x461.jpg 768w, https:\/\/vegagoleta.com\/wp-content\/uploads\/2024\/12\/planotipoD-500x300.jpg 500w, https:\/\/vegagoleta.com\/wp-content\/uploads\/2024\/12\/planotipoD-800x481.jpg 800w, https:\/\/vegagoleta.com\/wp-content\/uploads\/2024\/12\/planotipoD-1280x769.jpg 1280w, https:\/\/vegagoleta.com\/wp-content\/uploads\/2024\/12\/planotipoD-700x421.jpg 700w\" sizes=\"(max-width: 1300px) 100vw, 1300px\" \/>\t\t\t\t\t\t\t\t\t\t\t\t\t<\/div>\n\t\t\t\t<\/div>\n\t\t\t\t<div class=\"elementor-element elementor-element-aa69407 elementor-widget elementor-widget-text-editor\" data-id=\"aa69407\" data-element_type=\"widget\" data-widget_type=\"text-editor.default\">\n\t\t\t\t<div class=\"elementor-widget-container\">\n\t\t\t\t\t\t\t<h3>Tipo D<\/h3>\t\t\t\t\t\t<\/div>\n\t\t\t\t<\/div>\n\t\t\t\t<div class=\"elementor-element elementor-element-c0ac477 elementor-widget elementor-widget-image\" data-id=\"c0ac477\" data-element_type=\"widget\" data-widget_type=\"image.default\">\n\t\t\t\t<div class=\"elementor-widget-container\">\n\t\t\t\t\t\t\t\t\t\t\t\t\t<img decoding=\"async\" width=\"383\" height=\"67\" src=\"https:\/\/vegagoleta.com\/wp-content\/uploads\/2024\/11\/ley_piso.png\" class=\"attachment-large size-large wp-image-454\" alt=\"\" srcset=\"https:\/\/vegagoleta.com\/wp-content\/uploads\/2024\/11\/ley_piso.png 383w, https:\/\/vegagoleta.com\/wp-content\/uploads\/2024\/11\/ley_piso-300x52.png 300w\" sizes=\"(max-width: 383px) 100vw, 383px\" \/>\t\t\t\t\t\t\t\t\t\t\t\t\t<\/div>\n\t\t\t\t<\/div>\n\t\t\t\t<div class=\"elementor-element elementor-element-0fc80dc elementor-widget elementor-widget-image\" data-id=\"0fc80dc\" data-element_type=\"widget\" data-widget_type=\"image.default\">\n\t\t\t\t<div class=\"elementor-widget-container\">\n\t\t\t\t\t\t\t\t\t\t\t\t\t<img decoding=\"async\" src=\"https:\/\/vegagoleta.com\/wp-content\/uploads\/2024\/12\/ley_viD.png\" title=\"\" alt=\"\" loading=\"lazy\" \/>\t\t\t\t\t\t\t\t\t\t\t\t\t<\/div>\n\t\t\t\t<\/div>\n\t\t\t\t<div class=\"elementor-element elementor-element-03e2e47 elementor-widget elementor-widget-text-editor\" data-id=\"03e2e47\" data-element_type=\"widget\" data-widget_type=\"text-editor.default\">\n\t\t\t\t<div class=\"elementor-widget-container\">\n\t\t\t\t\t\t\t<h6>precio desde: <strong><span style=\"color: #000000;\">175.000\u20ac<\/span><\/strong><\/h6>\t\t\t\t\t\t<\/div>\n\t\t\t\t<\/div>\n\t\t\t\t<div class=\"elementor-element elementor-element-6c4b1de elementor-widget-tablet__width-auto elementor-widget elementor-widget-bridge_button\" data-id=\"6c4b1de\" data-element_type=\"widget\" data-widget_type=\"bridge_button.default\">\n\t\t\t\t<div class=\"elementor-widget-container\">\n\t\t\t<a  itemprop=\"url\" href=\"https:\/\/vegagoleta.com\/wp-content\/uploads\/2025\/01\/tipoD.pdf\" target=\"_blank\"  class=\"qbutton  default\" style=\"\">Ver plano<span aria-hidden=\"true\" class=\"qode-icon-kiko kikol kiko-eye qode_button_icon_element\" style=\"\" ><\/span><\/a>\t\t<\/div>\n\t\t\t\t<\/div>\n\t\t\t\t\t<\/div>\n\t\t<\/div>\n\t\t\t\t\t<\/div>\n\t\t<\/section>\n\t\t<div class=\"elementor-element elementor-element-c51cfd1 e-flex e-con-boxed e-con e-parent\" data-id=\"c51cfd1\" data-element_type=\"container\">\n\t\t\t\t\t<div class=\"e-con-inner\">\n\t\t\t\t<div class=\"elementor-element elementor-element-b8d58ec elementor-widget elementor-widget-spacer\" data-id=\"b8d58ec\" data-element_type=\"widget\" data-widget_type=\"spacer.default\">\n\t\t\t\t<div class=\"elementor-widget-container\">\n\t\t\t\t\t<div class=\"elementor-spacer\">\n\t\t\t<div class=\"elementor-spacer-inner\"><\/div>\n\t\t<\/div>\n\t\t\t\t<\/div>\n\t\t\t\t<\/div>\n\t\t\t\t\t<\/div>\n\t\t\t\t<\/div>\n\t\t\t\t<\/div>\n\t\t","protected":false},"excerpt":{"rendered":"<p>vega goleta | pisos Cuatro tipos de pisos Viviendas de 2 dormitorios, 2 ba\u00f1os y 2 terrazas una orientaci\u00f3n sur y otra norte y sal\u00f3n comedor con cocina en concepto abierto.&nbsp; Los precios no incluyen IVA, garaje y trastero. Tipo A precio desde: 201.000\u20ac Ver&#8230;<\/p>\n","protected":false},"author":1,"featured_media":0,"parent":0,"menu_order":0,"comment_status":"closed","ping_status":"closed","template":"full_width.php","meta":{"content-type":"","footnotes":""},"class_list":["post-567","page","type-page","status-publish","hentry"],"_links":{"self":[{"href":"https:\/\/vegagoleta.com\/index.php\/wp-json\/wp\/v2\/pages\/567","targetHints":{"allow":["GET"]}}],"collection":[{"href":"https:\/\/vegagoleta.com\/index.php\/wp-json\/wp\/v2\/pages"}],"about":[{"href":"https:\/\/vegagoleta.com\/index.php\/wp-json\/wp\/v2\/types\/page"}],"author":[{"embeddable":true,"href":"https:\/\/vegagoleta.com\/index.php\/wp-json\/wp\/v2\/users\/1"}],"replies":[{"embeddable":true,"href":"https:\/\/vegagoleta.com\/index.php\/wp-json\/wp\/v2\/comments?post=567"}],"version-history":[{"count":47,"href":"https:\/\/vegagoleta.com\/index.php\/wp-json\/wp\/v2\/pages\/567\/revisions"}],"predecessor-version":[{"id":1178,"href":"https:\/\/vegagoleta.com\/index.php\/wp-json\/wp\/v2\/pages\/567\/revisions\/1178"}],"wp:attachment":[{"href":"https:\/\/vegagoleta.com\/index.php\/wp-json\/wp\/v2\/media?parent=567"}],"curies":[{"name":"wp","href":"https:\/\/api.w.org\/{rel}","templated":true}]}}