{"id":482,"date":"2024-11-06T23:02:55","date_gmt":"2024-11-06T23:02:55","guid":{"rendered":"https:\/\/vegagoleta.com\/?page_id=482"},"modified":"2024-12-24T12:19:33","modified_gmt":"2024-12-24T12:19:33","slug":"aticos","status":"publish","type":"page","link":"https:\/\/vegagoleta.com\/index.php\/aticos\/","title":{"rendered":"Aticos"},"content":{"rendered":"\t\t<div data-elementor-type=\"wp-page\" data-elementor-id=\"482\" class=\"elementor elementor-482\">\n\t\t\t\t<div class=\"elementor-element elementor-element-2bc900a e-flex e-con-boxed e-con e-parent\" data-id=\"2bc900a\" data-element_type=\"container\">\n\t\t\t\t\t<div class=\"e-con-inner\">\n\t\t\t\t<div class=\"elementor-element elementor-element-d3d53f5 elementor-widget elementor-widget-image\" data-id=\"d3d53f5\" data-element_type=\"widget\" data-widget_type=\"image.default\">\n\t\t\t\t<div class=\"elementor-widget-container\">\n\t\t\t\t\t\t\t\t\t\t\t\t\t<img fetchpriority=\"high\" decoding=\"async\" width=\"1433\" height=\"475\" src=\"https:\/\/vegagoleta.com\/wp-content\/uploads\/2024\/11\/cab_atico-e1731077426427.jpg\" class=\"attachment-full size-full wp-image-464\" alt=\"\" \/>\t\t\t\t\t\t\t\t\t\t\t\t\t<\/div>\n\t\t\t\t<\/div>\n\t\t\t\t\t<\/div>\n\t\t\t\t<\/div>\n\t\t\t\t<section class=\"elementor-section elementor-top-section elementor-element elementor-element-89a5211 elementor-section-boxed elementor-section-height-default elementor-section-height-default parallax_section_no qode_elementor_container_no\" data-id=\"89a5211\" data-element_type=\"section\" data-settings=\"{&quot;background_background&quot;:&quot;video&quot;}\">\n\t\t\t\t\t\t<div class=\"elementor-container elementor-column-gap-no\">\n\t\t\t\t\t<div class=\"elementor-column elementor-col-100 elementor-top-column elementor-element elementor-element-96e6559\" data-id=\"96e6559\" data-element_type=\"column\">\n\t\t\t<div class=\"elementor-widget-wrap elementor-element-populated\">\n\t\t\t\t\t\t<div class=\"elementor-element elementor-element-8975472 elementor-widget elementor-widget-text-editor\" data-id=\"8975472\" data-element_type=\"widget\" data-widget_type=\"text-editor.default\">\n\t\t\t\t<div class=\"elementor-widget-container\">\n\t\t\t\t\t\t\t<h6>vega goleta | \u00e1ticos<\/h6>\t\t\t\t\t\t<\/div>\n\t\t\t\t<\/div>\n\t\t\t\t<div class=\"elementor-element elementor-element-93a3bd1 elementor-widget elementor-widget-text-editor\" data-id=\"93a3bd1\" data-element_type=\"widget\" data-widget_type=\"text-editor.default\">\n\t\t\t\t<div class=\"elementor-widget-container\">\n\t\t\t\t\t\t\t<h2>Disfruta la vida desde un <strong>\u00c1tico<\/strong><\/h2>\t\t\t\t\t\t<\/div>\n\t\t\t\t<\/div>\n\t\t\t\t\t<\/div>\n\t\t<\/div>\n\t\t\t\t\t<\/div>\n\t\t<\/section>\n\t\t\t\t<section class=\"elementor-section elementor-top-section elementor-element elementor-element-58f13006 elementor-section-boxed elementor-section-height-default elementor-section-height-default parallax_section_no qode_elementor_container_no\" data-id=\"58f13006\" data-element_type=\"section\">\n\t\t\t\t\t\t<div class=\"elementor-container elementor-column-gap-default\">\n\t\t\t\t\t<div class=\"elementor-column elementor-col-100 elementor-top-column elementor-element elementor-element-3332d863\" data-id=\"3332d863\" data-element_type=\"column\" data-settings=\"{&quot;background_background&quot;:&quot;slideshow&quot;,&quot;background_slideshow_gallery&quot;:[],&quot;background_slideshow_loop&quot;:&quot;yes&quot;,&quot;background_slideshow_slide_duration&quot;:5000,&quot;background_slideshow_slide_transition&quot;:&quot;fade&quot;,&quot;background_slideshow_transition_duration&quot;:500}\">\n\t\t\t<div class=\"elementor-widget-wrap elementor-element-populated\">\n\t\t\t\t\t\t\t<\/div>\n\t\t<\/div>\n\t\t\t\t\t<\/div>\n\t\t<\/section>\n\t\t\t\t<section class=\"elementor-section elementor-top-section elementor-element elementor-element-43b22769 elementor-section-boxed elementor-section-height-default elementor-section-height-default parallax_section_no qode_elementor_container_no\" data-id=\"43b22769\" data-element_type=\"section\">\n\t\t\t\t\t\t<div class=\"elementor-container elementor-column-gap-no\">\n\t\t\t\t\t<div class=\"elementor-column elementor-col-50 elementor-top-column elementor-element elementor-element-2ed4cd05\" data-id=\"2ed4cd05\" data-element_type=\"column\">\n\t\t\t<div class=\"elementor-widget-wrap elementor-element-populated\">\n\t\t\t\t\t\t<div class=\"elementor-element elementor-element-2a64402e elementor-widget elementor-widget-text-editor\" data-id=\"2a64402e\" data-element_type=\"widget\" data-widget_type=\"text-editor.default\">\n\t\t\t\t<div class=\"elementor-widget-container\">\n\t\t\t\t\t\t\t<h3>Las joyas de Vega Goleta<\/h3>\t\t\t\t\t\t<\/div>\n\t\t\t\t<\/div>\n\t\t\t\t<div class=\"elementor-element elementor-element-57b883e9 elementor-widget elementor-widget-text-editor\" data-id=\"57b883e9\" data-element_type=\"widget\" data-widget_type=\"text-editor.default\">\n\t\t\t\t<div class=\"elementor-widget-container\">\n\t\t\t\t\t\t\t<p>Las viviendas m\u00e1s deseadas, dado que ofrecen un toque de exclusividad, <strong>solo dos unidades disponibles<\/strong>, con una cubierta de ensue\u00f1o con las mejores vistas y una luminosidad inigualable.<br \/><br \/><\/p><p>Un d\u00eda de barbacoa con la familia o amigos, celebrar un cumplea\u00f1os de ensue\u00f1o, vivir en un \u00e1tico de esta caracter\u00edsticas es pasar a otro nivel de confort.<br \/><br \/><\/p><h3><strong>\u00bfTe lo mereces?<\/strong><\/h3>\t\t\t\t\t\t<\/div>\n\t\t\t\t<\/div>\n\t\t\t\t\t<\/div>\n\t\t<\/div>\n\t\t\t\t<div class=\"elementor-column elementor-col-50 elementor-top-column elementor-element elementor-element-6f0ff90a\" data-id=\"6f0ff90a\" data-element_type=\"column\">\n\t\t\t<div class=\"elementor-widget-wrap elementor-element-populated\">\n\t\t\t\t\t\t<div class=\"elementor-element elementor-element-40966d1f elementor-widget elementor-widget-image\" data-id=\"40966d1f\" data-element_type=\"widget\" data-widget_type=\"image.default\">\n\t\t\t\t<div class=\"elementor-widget-container\">\n\t\t\t\t\t\t\t\t\t\t\t\t\t<img decoding=\"async\" width=\"800\" height=\"533\" src=\"https:\/\/vegagoleta.com\/wp-content\/uploads\/2024\/11\/atico_con.jpg\" class=\"attachment-full size-full wp-image-475\" alt=\"\" srcset=\"https:\/\/vegagoleta.com\/wp-content\/uploads\/2024\/11\/atico_con.jpg 800w, https:\/\/vegagoleta.com\/wp-content\/uploads\/2024\/11\/atico_con-300x200.jpg 300w, https:\/\/vegagoleta.com\/wp-content\/uploads\/2024\/11\/atico_con-768x512.jpg 768w, https:\/\/vegagoleta.com\/wp-content\/uploads\/2024\/11\/atico_con-700x466.jpg 700w\" sizes=\"(max-width: 800px) 100vw, 800px\" \/>\t\t\t\t\t\t\t\t\t\t\t\t\t<\/div>\n\t\t\t\t<\/div>\n\t\t\t\t<div class=\"elementor-element elementor-element-5650fa4 elementor-widget elementor-widget-spacer\" data-id=\"5650fa4\" data-element_type=\"widget\" data-widget_type=\"spacer.default\">\n\t\t\t\t<div class=\"elementor-widget-container\">\n\t\t\t\t\t<div class=\"elementor-spacer\">\n\t\t\t<div class=\"elementor-spacer-inner\"><\/div>\n\t\t<\/div>\n\t\t\t\t<\/div>\n\t\t\t\t<\/div>\n\t\t\t\t\t<\/div>\n\t\t<\/div>\n\t\t\t\t\t<\/div>\n\t\t<\/section>\n\t\t\t\t<section class=\"elementor-section elementor-top-section elementor-element elementor-element-3d49d95 elementor-section-boxed elementor-section-height-default elementor-section-height-default parallax_section_no qode_elementor_container_no\" data-id=\"3d49d95\" data-element_type=\"section\">\n\t\t\t\t\t\t<div class=\"elementor-container elementor-column-gap-default\">\n\t\t\t\t\t<div class=\"elementor-column elementor-col-100 elementor-top-column elementor-element elementor-element-4f89fb8\" data-id=\"4f89fb8\" data-element_type=\"column\" data-settings=\"{&quot;background_background&quot;:&quot;slideshow&quot;,&quot;background_slideshow_gallery&quot;:[],&quot;background_slideshow_loop&quot;:&quot;yes&quot;,&quot;background_slideshow_slide_duration&quot;:5000,&quot;background_slideshow_slide_transition&quot;:&quot;fade&quot;,&quot;background_slideshow_transition_duration&quot;:500}\">\n\t\t\t<div class=\"elementor-widget-wrap elementor-element-populated\">\n\t\t\t\t\t\t<div class=\"elementor-element elementor-element-7336acb elementor-widget elementor-widget-spacer\" data-id=\"7336acb\" data-element_type=\"widget\" data-widget_type=\"spacer.default\">\n\t\t\t\t<div class=\"elementor-widget-container\">\n\t\t\t\t\t<div class=\"elementor-spacer\">\n\t\t\t<div class=\"elementor-spacer-inner\"><\/div>\n\t\t<\/div>\n\t\t\t\t<\/div>\n\t\t\t\t<\/div>\n\t\t\t\t\t<\/div>\n\t\t<\/div>\n\t\t\t\t\t<\/div>\n\t\t<\/section>\n\t\t\t\t<section class=\"elementor-section elementor-top-section elementor-element elementor-element-5cefee8 elementor-section-boxed elementor-section-height-default elementor-section-height-default parallax_section_no qode_elementor_container_no\" data-id=\"5cefee8\" data-element_type=\"section\" data-settings=\"{&quot;background_background&quot;:&quot;classic&quot;}\">\n\t\t\t\t\t\t<div class=\"elementor-container elementor-column-gap-no\">\n\t\t\t\t\t<div class=\"elementor-column elementor-col-100 elementor-top-column elementor-element elementor-element-eaeae90\" data-id=\"eaeae90\" data-element_type=\"column\">\n\t\t\t<div class=\"elementor-widget-wrap elementor-element-populated\">\n\t\t\t\t\t\t<div class=\"elementor-element elementor-element-ab05443 elementor-widget elementor-widget-text-editor\" data-id=\"ab05443\" data-element_type=\"widget\" data-widget_type=\"text-editor.default\">\n\t\t\t\t<div class=\"elementor-widget-container\">\n\t\t\t\t\t\t\t<h6>VEGA GOLETA | \u00c1TICOS<\/h6>\t\t\t\t\t\t<\/div>\n\t\t\t\t<\/div>\n\t\t\t\t<div class=\"elementor-element elementor-element-7ad60e7 elementor-widget elementor-widget-text-editor\" data-id=\"7ad60e7\" data-element_type=\"widget\" data-widget_type=\"text-editor.default\">\n\t\t\t\t<div class=\"elementor-widget-container\">\n\t\t\t\t\t\t\t<h2><strong>Tipos<\/strong> disponibles<\/h2>\t\t\t\t\t\t<\/div>\n\t\t\t\t<\/div>\n\t\t\t\t<div class=\"elementor-element elementor-element-bbd1c6e elementor-widget elementor-widget-text-editor\" data-id=\"bbd1c6e\" data-element_type=\"widget\" data-widget_type=\"text-editor.default\">\n\t\t\t\t<div class=\"elementor-widget-container\">\n\t\t\t\t\t\t\t<p>Viviendas de 4 dormitorios, 2 ba\u00f1os y un aseo, 3 terrazas, gran sal\u00f3n comedor con cocina en concepto abierto. Y en superficie una espectacular zona chill out .&nbsp; Los precios no incluyen IVA, garaje y trastero.<\/p>\t\t\t\t\t\t<\/div>\n\t\t\t\t<\/div>\n\t\t\t\t\t<\/div>\n\t\t<\/div>\n\t\t\t\t\t<\/div>\n\t\t<\/section>\n\t\t\t\t<section class=\"elementor-section elementor-top-section elementor-element elementor-element-b48cf26 elementor-section-boxed elementor-section-height-default elementor-section-height-default parallax_section_no qode_elementor_container_no\" data-id=\"b48cf26\" data-element_type=\"section\">\n\t\t\t\t\t\t<div class=\"elementor-container elementor-column-gap-default\">\n\t\t\t\t\t<div class=\"elementor-column elementor-col-50 elementor-top-column elementor-element elementor-element-39f476e\" data-id=\"39f476e\" data-element_type=\"column\">\n\t\t\t<div class=\"elementor-widget-wrap elementor-element-populated\">\n\t\t\t\t\t\t<div class=\"elementor-element elementor-element-e1e19a8 elementor-widget elementor-widget-image\" data-id=\"e1e19a8\" data-element_type=\"widget\" data-widget_type=\"image.default\">\n\t\t\t\t<div class=\"elementor-widget-container\">\n\t\t\t\t\t\t\t\t\t\t\t\t\t<img decoding=\"async\" width=\"554\" height=\"364\" src=\"https:\/\/vegagoleta.com\/wp-content\/uploads\/2024\/12\/plano_aticoa_doble_min.jpg\" class=\"attachment-full size-full wp-image-1032\" alt=\"\" srcset=\"https:\/\/vegagoleta.com\/wp-content\/uploads\/2024\/12\/plano_aticoa_doble_min.jpg 554w, https:\/\/vegagoleta.com\/wp-content\/uploads\/2024\/12\/plano_aticoa_doble_min-300x197.jpg 300w, https:\/\/vegagoleta.com\/wp-content\/uploads\/2024\/12\/plano_aticoa_doble_min-500x329.jpg 500w\" sizes=\"(max-width: 554px) 100vw, 554px\" \/>\t\t\t\t\t\t\t\t\t\t\t\t\t<\/div>\n\t\t\t\t<\/div>\n\t\t\t\t<div class=\"elementor-element elementor-element-5500e4b elementor-widget elementor-widget-text-editor\" data-id=\"5500e4b\" data-element_type=\"widget\" data-widget_type=\"text-editor.default\">\n\t\t\t\t<div class=\"elementor-widget-container\">\n\t\t\t\t\t\t\t<h3>\u00c1tico Tipo A<\/h3>\t\t\t\t\t\t<\/div>\n\t\t\t\t<\/div>\n\t\t\t\t<div class=\"elementor-element elementor-element-97bb10a elementor-widget elementor-widget-image\" data-id=\"97bb10a\" data-element_type=\"widget\" data-widget_type=\"image.default\">\n\t\t\t\t<div class=\"elementor-widget-container\">\n\t\t\t\t\t\t\t\t\t\t\t\t\t<img loading=\"lazy\" decoding=\"async\" width=\"383\" height=\"67\" src=\"https:\/\/vegagoleta.com\/wp-content\/uploads\/2024\/11\/ley_atico.png\" class=\"attachment-large size-large wp-image-453\" alt=\"\" srcset=\"https:\/\/vegagoleta.com\/wp-content\/uploads\/2024\/11\/ley_atico.png 383w, https:\/\/vegagoleta.com\/wp-content\/uploads\/2024\/11\/ley_atico-300x52.png 300w\" sizes=\"(max-width: 383px) 100vw, 383px\" \/>\t\t\t\t\t\t\t\t\t\t\t\t\t<\/div>\n\t\t\t\t<\/div>\n\t\t\t\t<div class=\"elementor-element elementor-element-41b9b14 elementor-widget elementor-widget-image\" data-id=\"41b9b14\" data-element_type=\"widget\" data-widget_type=\"image.default\">\n\t\t\t\t<div class=\"elementor-widget-container\">\n\t\t\t\t\t\t\t\t\t\t\t\t\t<img decoding=\"async\" src=\"https:\/\/vegagoleta.com\/wp-content\/uploads\/2024\/12\/ley_aticoTA.png\" title=\"\" alt=\"\" loading=\"lazy\" \/>\t\t\t\t\t\t\t\t\t\t\t\t\t<\/div>\n\t\t\t\t<\/div>\n\t\t\t\t<div class=\"elementor-element elementor-element-425f0fe3 elementor-widget-tablet__width-auto elementor-widget elementor-widget-bridge_button\" data-id=\"425f0fe3\" data-element_type=\"widget\" data-widget_type=\"bridge_button.default\">\n\t\t\t\t<div class=\"elementor-widget-container\">\n\t\t\t<a  itemprop=\"url\" href=\"https:\/\/vegagoleta.com\/wp-content\/uploads\/2024\/12\/aticoA.pdf\" target=\"_blank\"  class=\"qbutton  center default\" style=\"\">Ver plano<span aria-hidden=\"true\" class=\"qode-icon-kiko kikol kiko-eye qode_button_icon_element\" style=\"\" ><\/span><\/a>\t\t<\/div>\n\t\t\t\t<\/div>\n\t\t\t\t\t<\/div>\n\t\t<\/div>\n\t\t\t\t<div class=\"elementor-column elementor-col-50 elementor-top-column elementor-element elementor-element-cf1d258\" data-id=\"cf1d258\" data-element_type=\"column\">\n\t\t\t<div class=\"elementor-widget-wrap elementor-element-populated\">\n\t\t\t\t\t\t<div class=\"elementor-element elementor-element-79c3db0 elementor-widget elementor-widget-image\" data-id=\"79c3db0\" data-element_type=\"widget\" data-widget_type=\"image.default\">\n\t\t\t\t<div class=\"elementor-widget-container\">\n\t\t\t\t\t\t\t\t\t\t\t\t\t<img loading=\"lazy\" decoding=\"async\" width=\"554\" height=\"364\" src=\"https:\/\/vegagoleta.com\/wp-content\/uploads\/2024\/12\/plano_aticob_doble_min.jpg\" class=\"attachment-full size-full wp-image-1034\" alt=\"\" srcset=\"https:\/\/vegagoleta.com\/wp-content\/uploads\/2024\/12\/plano_aticob_doble_min.jpg 554w, https:\/\/vegagoleta.com\/wp-content\/uploads\/2024\/12\/plano_aticob_doble_min-300x197.jpg 300w, https:\/\/vegagoleta.com\/wp-content\/uploads\/2024\/12\/plano_aticob_doble_min-500x329.jpg 500w\" sizes=\"(max-width: 554px) 100vw, 554px\" \/>\t\t\t\t\t\t\t\t\t\t\t\t\t<\/div>\n\t\t\t\t<\/div>\n\t\t\t\t<div class=\"elementor-element elementor-element-25dfca4 elementor-widget elementor-widget-text-editor\" data-id=\"25dfca4\" data-element_type=\"widget\" data-widget_type=\"text-editor.default\">\n\t\t\t\t<div class=\"elementor-widget-container\">\n\t\t\t\t\t\t\t<h3>\u00c1tico tipo B<\/h3>\t\t\t\t\t\t<\/div>\n\t\t\t\t<\/div>\n\t\t\t\t<div class=\"elementor-element elementor-element-982e0dd elementor-widget elementor-widget-image\" data-id=\"982e0dd\" data-element_type=\"widget\" data-widget_type=\"image.default\">\n\t\t\t\t<div class=\"elementor-widget-container\">\n\t\t\t\t\t\t\t\t\t\t\t\t\t<img loading=\"lazy\" decoding=\"async\" width=\"383\" height=\"67\" src=\"https:\/\/vegagoleta.com\/wp-content\/uploads\/2024\/11\/ley_atico.png\" class=\"attachment-large size-large wp-image-453\" alt=\"\" srcset=\"https:\/\/vegagoleta.com\/wp-content\/uploads\/2024\/11\/ley_atico.png 383w, https:\/\/vegagoleta.com\/wp-content\/uploads\/2024\/11\/ley_atico-300x52.png 300w\" sizes=\"(max-width: 383px) 100vw, 383px\" \/>\t\t\t\t\t\t\t\t\t\t\t\t\t<\/div>\n\t\t\t\t<\/div>\n\t\t\t\t<div class=\"elementor-element elementor-element-05e2a74 elementor-widget elementor-widget-image\" data-id=\"05e2a74\" data-element_type=\"widget\" data-widget_type=\"image.default\">\n\t\t\t\t<div class=\"elementor-widget-container\">\n\t\t\t\t\t\t\t\t\t\t\t\t\t<img decoding=\"async\" src=\"https:\/\/vegagoleta.com\/wp-content\/uploads\/2024\/12\/ley_aticoTB.png\" title=\"\" alt=\"\" loading=\"lazy\" \/>\t\t\t\t\t\t\t\t\t\t\t\t\t<\/div>\n\t\t\t\t<\/div>\n\t\t\t\t<div class=\"elementor-element elementor-element-e1482d3 elementor-widget-tablet__width-auto elementor-widget elementor-widget-bridge_button\" data-id=\"e1482d3\" data-element_type=\"widget\" data-widget_type=\"bridge_button.default\">\n\t\t\t\t<div class=\"elementor-widget-container\">\n\t\t\t<a  itemprop=\"url\" href=\"https:\/\/vegagoleta.com\/wp-content\/uploads\/2024\/12\/aticoB.pdf\" target=\"_blank\"  class=\"qbutton  center default\" style=\"\">Ver plano<span aria-hidden=\"true\" class=\"qode-icon-kiko kikol kiko-eye qode_button_icon_element\" style=\"\" ><\/span><\/a>\t\t<\/div>\n\t\t\t\t<\/div>\n\t\t\t\t\t<\/div>\n\t\t<\/div>\n\t\t\t\t\t<\/div>\n\t\t<\/section>\n\t\t<div class=\"elementor-element elementor-element-2dd8c1e e-flex e-con-boxed e-con e-parent\" data-id=\"2dd8c1e\" data-element_type=\"container\">\n\t\t\t\t\t<div class=\"e-con-inner\">\n\t\t\t\t<div class=\"elementor-element elementor-element-aed4651 elementor-widget elementor-widget-spacer\" data-id=\"aed4651\" data-element_type=\"widget\" data-widget_type=\"spacer.default\">\n\t\t\t\t<div class=\"elementor-widget-container\">\n\t\t\t\t\t<div class=\"elementor-spacer\">\n\t\t\t<div class=\"elementor-spacer-inner\"><\/div>\n\t\t<\/div>\n\t\t\t\t<\/div>\n\t\t\t\t<\/div>\n\t\t\t\t\t<\/div>\n\t\t\t\t<\/div>\n\t\t\t\t<\/div>\n\t\t","protected":false},"excerpt":{"rendered":"<p>vega goleta | \u00e1ticos Disfruta la vida desde un \u00c1tico Las joyas de Vega Goleta Las viviendas m\u00e1s deseadas, dado que ofrecen un toque de exclusividad, solo dos unidades disponibles, con una cubierta de ensue\u00f1o con las mejores vistas y una luminosidad inigualable. Un d\u00eda&#8230;<\/p>\n","protected":false},"author":1,"featured_media":0,"parent":0,"menu_order":0,"comment_status":"closed","ping_status":"closed","template":"","meta":{"content-type":"","footnotes":""},"class_list":["post-482","page","type-page","status-publish","hentry"],"_links":{"self":[{"href":"https:\/\/vegagoleta.com\/index.php\/wp-json\/wp\/v2\/pages\/482","targetHints":{"allow":["GET"]}}],"collection":[{"href":"https:\/\/vegagoleta.com\/index.php\/wp-json\/wp\/v2\/pages"}],"about":[{"href":"https:\/\/vegagoleta.com\/index.php\/wp-json\/wp\/v2\/types\/page"}],"author":[{"embeddable":true,"href":"https:\/\/vegagoleta.com\/index.php\/wp-json\/wp\/v2\/users\/1"}],"replies":[{"embeddable":true,"href":"https:\/\/vegagoleta.com\/index.php\/wp-json\/wp\/v2\/comments?post=482"}],"version-history":[{"count":116,"href":"https:\/\/vegagoleta.com\/index.php\/wp-json\/wp\/v2\/pages\/482\/revisions"}],"predecessor-version":[{"id":1156,"href":"https:\/\/vegagoleta.com\/index.php\/wp-json\/wp\/v2\/pages\/482\/revisions\/1156"}],"wp:attachment":[{"href":"https:\/\/vegagoleta.com\/index.php\/wp-json\/wp\/v2\/media?parent=482"}],"curies":[{"name":"wp","href":"https:\/\/api.w.org\/{rel}","templated":true}]}}