{"id":3,"date":"2024-11-05T14:12:24","date_gmt":"2024-11-05T14:12:24","guid":{"rendered":"https:\/\/vegagoleta.com\/?page_id=3"},"modified":"2024-11-08T11:37:06","modified_gmt":"2024-11-08T11:37:06","slug":"privacidad","status":"publish","type":"page","link":"https:\/\/vegagoleta.com\/index.php\/privacidad\/","title":{"rendered":"Politica privacidad"},"content":{"rendered":"\t\t<div data-elementor-type=\"wp-page\" data-elementor-id=\"3\" class=\"elementor elementor-3\">\n\t\t\t\t<div class=\"elementor-element elementor-element-14dc4cac e-flex e-con-boxed e-con e-parent\" data-id=\"14dc4cac\" data-element_type=\"container\">\n\t\t\t\t\t<div class=\"e-con-inner\">\n\t\t\t\t<div class=\"elementor-element elementor-element-b123c78 elementor-widget elementor-widget-text-editor\" data-id=\"b123c78\" data-element_type=\"widget\" data-widget_type=\"text-editor.default\">\n\t\t\t\t<div class=\"elementor-widget-container\">\n\t\t\t\t\t\t\t<h6>vega goleta | urba dreams<\/h6>\t\t\t\t\t\t<\/div>\n\t\t\t\t<\/div>\n\t\t\t\t<div class=\"elementor-element elementor-element-d2ec242 elementor-widget elementor-widget-text-editor\" data-id=\"d2ec242\" data-element_type=\"widget\" data-widget_type=\"text-editor.default\">\n\t\t\t\t<div class=\"elementor-widget-container\">\n\t\t\t\t\t\t\t<h2>Pol\u00edtica de Privacidad<\/h2>\t\t\t\t\t\t<\/div>\n\t\t\t\t<\/div>\n\t\t\t\t<div class=\"elementor-element elementor-element-1eed31ba elementor-widget elementor-widget-text-editor\" data-id=\"1eed31ba\" data-element_type=\"widget\" data-widget_type=\"text-editor.default\">\n\t\t\t\t<div class=\"elementor-widget-container\">\n\t\t\t\t\t\t\t<p>Cuando precisemos obtener informaci\u00f3n por su parte, siempre le solicitaremos que nos la proporcione voluntariamente de forma expresa. Los datos recabados a trav\u00e9s de los formularios de recogida de datos del sitio web, en nuestros centros u otras v\u00edas ser\u00e1n incorporados a los sistemas de tratamiento de NEST INMOBILIARIA.<\/p>\n<p>\u00a0<\/p>\n<p>Esta entidad tratar\u00e1 los datos de forma confidencial y exclusivamente con la finalidad de ofrecer los servicios solicitados, con todas las garant\u00edas legales y de seguridad que impone el Reglamento (UE) 2016\/679 del Parlamento Europeo y del Consejo, de 27 de abril de 2016, relativo a la protecci\u00f3n de las personas f\u00edsicas en lo que respecta al tratamiento de datos personales y a la libre circulaci\u00f3n de estos datos, Ley 3\/2018 de 5 de diciembre de Protecci\u00f3n de datos y garant\u00eda de derechos digitales y la Ley 34\/2002, de 11 de julio, de Servicios de la Sociedad de la Informaci\u00f3n y Comercio Electr\u00f3nico.<\/p>\n<p>\u00a0<\/p>\n<p><strong>\u00bfQui\u00e9n es el Responsable de tratamiento de sus datos?<\/strong><\/p>\n<p>\u00a0<\/p>\n<p>El Responsable es: <strong>Nest Ib\u00e9rica s.l.<\/strong><br \/>Su CIF es: <strong>B-72564842<\/strong><br \/>Su domicilio est\u00e1 en:<strong> Plaza Flores, 1, ALMER\u00cdA<\/strong><br \/>Mail: <strong>info@vegagoleta.com<\/strong><br \/>Tfno.: <strong>950 672787<\/strong><\/p>\n<p><br \/><strong>\u00bfCon que finalidad tratamos sus datos personales?<\/strong><\/p>\n<p>\u00a0<\/p>\n<p>En NEST INMOBILIARIA tratamos la informaci\u00f3n que nos facilitan los interesados de manera leal, l\u00edcita y transparente dando cumplimiento a la normativa UE 2016\/679 de 27 de abril del Parlamento Europeo y del Consejo y Ley 3\/2018 de 5 de diciembre de Protecci\u00f3n de datos y garant\u00eda de derechos digitales.<\/p>\n<p>\u00a0<\/p>\n<p><strong>Si eres CLIENTE o USUARIO:<\/strong><\/p>\n<p>\u00a0<\/p>\n<p>Si eres cliente o usuario, trataremos las siguientes categor\u00edas de datos personales:<\/p>\n<p>\u00a0<\/p>\n<ul>\n<li>\u00a0Datos identificativos (nombre, apellidos, DNI\u2026)<\/li>\n<li>Datos de contacto (correo electr\u00f3nico, Whatsapp\u2026)<\/li>\n<li>Otros datos (facilitados por el interesado en formularios abiertos o comunicaciones)<\/li>\n<\/ul>\n<p>\u00a0<\/p>\n<p>Tratamos tus datos con la finalidad de:<\/p>\n<p>\u00a0<\/p>\n<ul>\n<li>Gestionar los servicios, informaci\u00f3n y\/o productos solicitados.<\/li>\n<li>Enviar comunicaciones de inter\u00e9s (si el interesado hubiera prestado la debida autorizaci\u00f3n)<\/li>\n<li>Cumplir las obligaciones legales aplicables al responsable.<\/li>\n<\/ul>\n<p>\u00a0<\/p>\n<p><strong>\u00bfEstoy obligado a facilitar los datos personales?<\/strong><\/p>\n<p>\u00a0<\/p>\n<p>NEST INMOBILIARIA solo solicitar\u00e1 los datos estrictamente necesarios para la realizaci\u00f3n de la finalidad para la cual son recabados, por lo que en caso de no ser facilitados no podr\u00e1 prestarse el servicio solicitado.<\/p>\n<p>\u00a0<\/p>\n<p><strong>\u00bfPor cu\u00e1nto tiempo conservaremos sus datos?<\/strong><\/p>\n<p>\u00a0<\/p>\n<p>Los datos personales proporcionados y obtenidos durante la relaci\u00f3n entre el interesado y NEST INMOBILIARIA ser\u00e1n conservados durante un plazo m\u00e1ximo de 5 a\u00f1os a partir de la \u00faltima confirmaci\u00f3n de inter\u00e9s o mientras nos obligue una previsi\u00f3n legal, en cuyo caso ser\u00e1n conservados debidamente bloqueados y eliminados cuando no sea necesario.<\/p>\n<p>\u00a0<\/p>\n<p><strong>\u00bfCu\u00e1l es la legitimaci\u00f3n para el tratamiento de sus datos?<\/strong><\/p>\n<p>\u00a0<\/p>\n<p>En cumplimiento del art\u00edculo 6.1 del Reglamento UE 2016\/679 de 27 de abril le informamos que la legitimaci\u00f3n para el tratamiento de sus datos es la siguiente:<\/p>\n<p>\u00a0<\/p>\n<ul>\n<li>el interesado dio su consentimiento para el tratamiento de sus datos personales para uno o varios fines espec\u00edficos y\/o<\/li>\n<li>el tratamiento es necesario para el cumplimiento de una obligaci\u00f3n legal aplicable al responsable del tratamiento y\/o<\/li>\n<li>el tratamiento es necesario para la satisfacci\u00f3n de intereses leg\u00edtimos perseguidos por el responsable del tratamiento o por un tercero, siempre que sobre dichos intereses no prevalezcan los intereses o los derechos y libertades fundamentales del interesado que requieran la protecci\u00f3n de datos personales, en particular cuando el interesado sea un ni\u00f1o.<\/li>\n<\/ul>\n<p>\u00a0<\/p>\n<p><strong>\u00bfA qu\u00e9 destinatarios se comunicar\u00e1n sus datos?<\/strong><\/p>\n<p>\u00a0<\/p>\n<p>Los datos tratados por NEST INMOBILIARIA podr\u00e1n ser comunicados a terceros cuando as\u00ed nos obligue una previsi\u00f3n legal. Los datos accedidos desde dichas empresas solo ser\u00e1n utilizados para el fin empresarial necesario no siendo conservados para cualquier fin ulterior.<\/p>\n<p>\u00a0<\/p>\n<p><strong>\u00bfCu\u00e1les son sus derechos cuando nos facilita sus datos?<\/strong><\/p>\n<p>\u00a0<\/p>\n<p>Cualquier interesado tiene derecho a obtener confirmaci\u00f3n sobre si en el centro estamos tratando los datos personales que le conciernan o no.<br \/>Las personas interesadas tienen derecho a acceder a sus datos personales, as\u00ed como solicitar la rectificaci\u00f3n de datos inexactos o, en su caso, solicitar su supresi\u00f3n cuando, entre otros motivos, los datos ya no sea necesarios para los fines para los que fueron recogidos.<\/p>\n<p><br \/>En determinadas circunstancias, los interesados podr\u00e1n solicitar la limitaci\u00f3n del tratamiento de sus datos, en cuyo caso \u00fanicamente los conservaremos para el ejercicio o la defensa de reclamaciones. Los usuarios tambi\u00e9n podr\u00e1n oponerse al tratamiento de sus datos. NEST INMOBILIARIA dejar\u00e1 de tratar los datos, salvo por motivos leg\u00edtimos imperiosos, o en el ejercicio o defensa de reclamaciones.<\/p>\n<p>\u00a0<\/p>\n<p>El usuario puede enviar un escrito a NEST INMOBILIARIA, al domicilio de los responsables, o bien por medio de un correo electr\u00f3nico indicado en el encabezado de la presente Pol\u00edtica, adjuntando fotocopia de su documento de identidad, en cualquier momento y de manera gratuita, para:<\/p>\n<p>\u00a0<\/p>\n<ul>\n<li>Revocar los consentimientos otorgados.\u00a0<\/li>\n<li>Obtener confirmaci\u00f3n acerca de si se est\u00e1n tratando datos personales que conciernen al Usuario o no.<\/li>\n<li>Acceder a sus datos personales.<\/li>\n<li>Rectificar los datos inexactos o incompletos.<\/li>\n<li>Solicitar la supresi\u00f3n de sus datos cuando, entre otros motivos, los datos ya no sean necesarios para los fines que fueron recogidos.<\/li>\n<li>Obtener de la limitaci\u00f3n del tratamiento de los datos cuando se cumpla alguna de las condiciones previstas en la normativa de protecci\u00f3n de datos.<\/li>\n<li>Solicitar la portabilidad de tus datos.<\/li>\n<li>Ponerse en contacto con el DPO de NEST INMOBILIARIA<\/li>\n<li>Interponer una reclamaci\u00f3n en la autoridad de control (www.aepd) en caso de considerar vulnerados los derechos que le son reconocidos por la normativa aplicable en protecci\u00f3n de datos.<\/li>\n<\/ul>\n<p>\u00a0<\/p>\n<p>NEST INMOBILIARIA adopta los niveles de seguridad correspondientes requeridos por la citada normativa de Protecci\u00f3n de Datos de Car\u00e1cter Personal y dem\u00e1s normativa aplicable. Dichos niveles de seguridad son obligados para aquellas entidades que accedan a nuestra informaci\u00f3n en virtud de una relaci\u00f3n contractual y\/o prestaci\u00f3n de servicio, en aplicaci\u00f3n del art\u00edculo 28 del Reglamento UE 2016\/679 (RGPD)<\/p>\n<p>\u00a0<\/p>\n<p>No obstante, no asume ninguna responsabilidad por los da\u00f1os y perjuicios derivados de alteraciones que terceros pueden causar en los sistemas inform\u00e1ticos, documentos electr\u00f3nicos o ficheros del usuario.<\/p>\n<p>\u00a0<\/p>\n<p>Se podr\u00e1n utilizar cookies durante la prestaci\u00f3n de servicios del sitio web. Las cookies son ficheros f\u00edsicos de informaci\u00f3n personal alojados en el propio terminal del usuario. El usuario tiene la posibilidad de configurar su programa navegador de manera que se impida la creaci\u00f3n de archivos cookie o se advierta de la misma. Revise nuestra pol\u00edtica de cookies a trav\u00e9s del enlace que encontrar\u00e1 en esta web.<\/p>\n<p>\u00a0<\/p>\n<p>Si opta a abandonar nuestro sitio web a trav\u00e9s de enlaces a sitios web no pertenecientes a nuestra entidad, NEST INMOBILIARIA no se har\u00e1 responsable de las pol\u00edticas de privacidad de dichos sitios web ni de las cookies que \u00e9stos puedan almacenar en el ordenador del usuario.<\/p>\n<p>\u00a0<\/p>\n<p>Nuestra pol\u00edtica con respecto al correo electr\u00f3nico se centra en remitir \u00fanicamente comunicaciones que usted haya solicitado recibir.<\/p>\n<p>\u00a0<\/p>\n<p>Si prefiere no recibir estos mensajes por correo electr\u00f3nico le ofreceremos a trav\u00e9s de los mismos la posibilidad de ejercer su derecho de cancelaci\u00f3n y renuncia a la recepci\u00f3n de estos mensajes, en conformidad con lo dispuesto en el T\u00edtulo III, art\u00edculo 22 de la Ley 34\/2002 de Servicios para la Sociedad de la Informaci\u00f3n y de Comercio Electr\u00f3nico.<\/p>\t\t\t\t\t\t<\/div>\n\t\t\t\t<\/div>\n\t\t\t\t<div class=\"elementor-element elementor-element-d276599 elementor-widget elementor-widget-spacer\" data-id=\"d276599\" data-element_type=\"widget\" data-widget_type=\"spacer.default\">\n\t\t\t\t<div class=\"elementor-widget-container\">\n\t\t\t\t\t<div class=\"elementor-spacer\">\n\t\t\t<div class=\"elementor-spacer-inner\"><\/div>\n\t\t<\/div>\n\t\t\t\t<\/div>\n\t\t\t\t<\/div>\n\t\t\t\t\t<\/div>\n\t\t\t\t<\/div>\n\t\t\t\t<\/div>\n\t\t","protected":false},"excerpt":{"rendered":"<p>vega goleta | urba dreams Pol\u00edtica de Privacidad Cuando precisemos obtener informaci\u00f3n por su parte, siempre le solicitaremos que nos la proporcione voluntariamente de forma expresa. Los datos recabados a trav\u00e9s de los formularios de recogida de datos del sitio web, en nuestros centros u&#8230;<\/p>\n","protected":false},"author":1,"featured_media":0,"parent":0,"menu_order":0,"comment_status":"closed","ping_status":"closed","template":"","meta":{"content-type":"","footnotes":""},"class_list":["post-3","page","type-page","status-publish","hentry"],"_links":{"self":[{"href":"https:\/\/vegagoleta.com\/index.php\/wp-json\/wp\/v2\/pages\/3","targetHints":{"allow":["GET"]}}],"collection":[{"href":"https:\/\/vegagoleta.com\/index.php\/wp-json\/wp\/v2\/pages"}],"about":[{"href":"https:\/\/vegagoleta.com\/index.php\/wp-json\/wp\/v2\/types\/page"}],"author":[{"embeddable":true,"href":"https:\/\/vegagoleta.com\/index.php\/wp-json\/wp\/v2\/users\/1"}],"replies":[{"embeddable":true,"href":"https:\/\/vegagoleta.com\/index.php\/wp-json\/wp\/v2\/comments?post=3"}],"version-history":[{"count":8,"href":"https:\/\/vegagoleta.com\/index.php\/wp-json\/wp\/v2\/pages\/3\/revisions"}],"predecessor-version":[{"id":763,"href":"https:\/\/vegagoleta.com\/index.php\/wp-json\/wp\/v2\/pages\/3\/revisions\/763"}],"wp:attachment":[{"href":"https:\/\/vegagoleta.com\/index.php\/wp-json\/wp\/v2\/media?parent=3"}],"curies":[{"name":"wp","href":"https:\/\/api.w.org\/{rel}","templated":true}]}}